{"id":552,"date":"2024-01-18T20:40:37","date_gmt":"2024-01-18T19:40:37","guid":{"rendered":"https:\/\/juntosxlatierra.com\/?page_id=552"},"modified":"2024-03-10T03:59:32","modified_gmt":"2024-03-10T02:59:32","slug":"arboles-plantados-2","status":"publish","type":"page","link":"https:\/\/juntosxlatierra.com\/index.php\/arboles-plantados-2\/","title":{"rendered":"\u00c1rboles Plantados"},"content":{"rendered":"<div class=\"wpb-content-wrapper\"><p>[vc_row full_width=&#8221;stretch_row&#8221; content_placement=&#8221;middle&#8221; bg_type=&#8221;bg_color&#8221; seperator_enable=&#8221;seperator_enable_value&#8221; seperator_type=&#8221;tilt_left_seperator&#8221; seperator_position=&#8221;bottom_seperator&#8221; seperator_svg_height=&#8221;200&#8243; seperator_shape_background=&#8221;#346a1c&#8221; ult_hide_row=&#8221;ult_hide_row_value&#8221; ult_hide_row_mobile=&#8221;mobile&#8221; ult_hide_row_mobile_large=&#8221;xl_mobile&#8221; type=&#8221;vc_default&#8221; css=&#8221;.vc_custom_1705620398677{padding-top: 6% !important;padding-right: 15% !important;padding-bottom: 10% !important;background-color: #346a1c !important;}&#8221; bg_color_value=&#8221;#346a1c&#8221;][vc_column css=&#8221;.vc_custom_1705591234951{margin-right: 20% !important;margin-left: 20% !important;padding-top: 16% !important;padding-right: 10% !important;padding-bottom: 20% !important;padding-left: 5% !important;background-image: url(https:\/\/juntosxlatierra.com\/wp-content\/uploads\/2024\/01\/title.png?id=371) !important;background-position: center !important;background-repeat: no-repeat !important;background-size: contain !important;}&#8221; offset=&#8221;vc_col-lg-12 vc_col-md-12 vc_col-xs-6 vc_hidden-xs&#8221;][vc_empty_space]<div id=\"ultimate-heading-271969e8d54d13bb2\" class=\"uvc-heading ult-adjust-bottom-margin ultimate-heading-271969e8d54d13bb2 uvc-6433 \" data-hspacer=\"no_spacer\"  data-halign=\"center\" style=\"text-align:center\"><div class=\"uvc-heading-spacer no_spacer\" style=\"top\"><\/div><div class=\"uvc-main-heading ult-responsive\"  data-ultimate-target='.uvc-heading.ultimate-heading-271969e8d54d13bb2 h1'  data-responsive-json-new='{\"font-size\":\"desktop:45px;tablet:35px;tablet_portrait:25px;mobile_landscape:25px;mobile:25px;\",\"line-height\":\"desktop:50px;tablet:40px;tablet_portrait:30px;mobile_landscape:30px;mobile:30px;\"}' ><h1 style=\"font-family:&#039;Catamaran&#039;;font-weight:800;color:#34530f;\">\u00c1rboles plantados<\/h1><\/div><\/div><style type=\"text\/css\" data-type=\"the7_shortcodes-inline-css\">.dt-breadcrumbs-id-7028d0e5b08ae9d2c5a6b3ea98fbede4 .breadcrumbs {\n  display: inline-block;\n  margin: 0;\n  padding: 2px 20px 2px 0px;\n  border: 0px solid ;\n  border-radius: 0px;\n}\n.dt-breadcrumbs-id-7028d0e5b08ae9d2c5a6b3ea98fbede4 .breadcrumbs * {\n  color: #4f4a43;\n}\n<\/style><div class=\"dt-breadcrumbs-shortcode dt-breadcrumbs-id-7028d0e5b08ae9d2c5a6b3ea98fbede4 align-centre\"><div class=\"assistive-text\">You are here:<\/div><ol class=\"breadcrumbs text-small\" itemscope itemtype=\"https:\/\/schema.org\/BreadcrumbList\"><li itemprop=\"itemListElement\" itemscope itemtype=\"https:\/\/schema.org\/ListItem\"><a itemprop=\"item\" href=\"https:\/\/juntosxlatierra.com\/\" title=\"Home\"><span itemprop=\"name\">Home<\/span><\/a><meta itemprop=\"position\" content=\"1\" \/><\/li><li class=\"current\" itemprop=\"itemListElement\" itemscope itemtype=\"https:\/\/schema.org\/ListItem\"><span itemprop=\"name\">Page<\/span><meta itemprop=\"position\" content=\"2\" \/><\/li><\/ol><\/div>[\/vc_column][\/vc_row][vc_row full_width=&#8221;stretch_row&#8221; content_placement=&#8221;middle&#8221; bg_type=&#8221;bg_color&#8221; seperator_enable=&#8221;seperator_enable_value&#8221; seperator_type=&#8221;curve_down_seperator&#8221; seperator_position=&#8221;bottom_seperator&#8221; seperator_svg_height=&#8221;30&#8243; ult_hide_row=&#8221;ult_hide_row_value&#8221; ult_hide_row_large_screen=&#8221;large_screen&#8221; ult_hide_row_desktop=&#8221;desktop&#8221; ult_hide_row_tablet=&#8221;tablet&#8221; type=&#8221;vc_default&#8221; css=&#8221;.vc_custom_1709844157352{margin-top: 120px !important;padding-bottom: 10% !important;background-color: #174171 !important;}&#8221; bg_color_value=&#8221;#174171&#8243;][vc_column offset=&#8221;vc_hidden-lg vc_hidden-md vc_hidden-sm&#8221;][vc_empty_space]<div id=\"ultimate-heading-626169e8d54d13eaa\" class=\"uvc-heading ult-adjust-bottom-margin ultimate-heading-626169e8d54d13eaa uvc-2709 \" data-hspacer=\"no_spacer\"  data-halign=\"center\" style=\"text-align:center\"><div class=\"uvc-heading-spacer no_spacer\" style=\"top\"><\/div><div class=\"uvc-main-heading ult-responsive\"  data-ultimate-target='.uvc-heading.ultimate-heading-626169e8d54d13eaa h1'  data-responsive-json-new='{\"font-size\":\"desktop:75px;tablet:75px;tablet_portrait:25px;mobile_landscape:25px;mobile:25px;\",\"line-height\":\"desktop:50px;tablet:40px;tablet_portrait:30px;mobile_landscape:30px;mobile:30px;\"}' ><h1 style=\"font-family:&#039;Catamaran&#039;;font-weight:800;color:#ffffff;margin-top:15px;\">\u00c1rboles plantados<\/h1><\/div><\/div><style type=\"text\/css\" data-type=\"the7_shortcodes-inline-css\">.dt-breadcrumbs-id-134f34eae4fc9e63e43514bb912dcc42 .breadcrumbs {\n  display: inline-block;\n  margin: 0;\n  padding: 2px 20px 2px 0px;\n  border: 0px solid ;\n  border-radius: 0px;\n}\n.dt-breadcrumbs-id-134f34eae4fc9e63e43514bb912dcc42 .breadcrumbs * {\n  color: #ffffff;\n}\n<\/style><div class=\"dt-breadcrumbs-shortcode dt-breadcrumbs-id-134f34eae4fc9e63e43514bb912dcc42 align-centre\"><div class=\"assistive-text\">You are here:<\/div><ol class=\"breadcrumbs text-small\" itemscope itemtype=\"https:\/\/schema.org\/BreadcrumbList\"><li itemprop=\"itemListElement\" itemscope itemtype=\"https:\/\/schema.org\/ListItem\"><a itemprop=\"item\" href=\"https:\/\/juntosxlatierra.com\/\" title=\"Home\"><span itemprop=\"name\">Home<\/span><\/a><meta itemprop=\"position\" content=\"1\" \/><\/li><li class=\"current\" itemprop=\"itemListElement\" itemscope itemtype=\"https:\/\/schema.org\/ListItem\"><span itemprop=\"name\">Page<\/span><meta itemprop=\"position\" content=\"2\" \/><\/li><\/ol><\/div>[vc_empty_space][vc_empty_space][\/vc_column][\/vc_row][vc_row full_width=&#8221;stretch_row&#8221; full_height=&#8221;yes&#8221; bg_type=&#8221;image&#8221; parallax_style=&#8221;vcpb-default&#8221; bg_image_new=&#8221;id^605|url^https:\/\/juntosxlatierra.com\/wp-content\/uploads\/2024\/01\/Desktop-9-scaled.gif|caption^null|alt^null|title^Desktop&#8212;9|description^null&#8221; bg_image_repeat=&#8221;no-repeat&#8221; bg_image_posiiton=&#8221;bottom&#8221; bg_override=&#8221;full&#8221; seperator_enable=&#8221;seperator_enable_value&#8221; seperator_type=&#8221;curve_down_seperator&#8221; seperator_svg_height=&#8221;200&#8243; seperator_shape_background=&#8221;#346a1c&#8221; el_class=&#8221;Zidex-delante&#8221; css=&#8221;.vc_custom_1709848107721{margin-top: -10% !important;}&#8221;][vc_column][vc_row_inner][vc_column_inner width=&#8221;1\/2&#8243; css=&#8221;.vc_custom_1705608847224{margin-bottom: 10% !important;padding-top: 10% !important;padding-right: 10% !important;padding-bottom: 10% !important;padding-left: 10% !important;background-color: #e6e1c0 !important;border-radius: 10px !important;}&#8221;]<div id=\"ultimate-heading-202469e8d54d13f59\" class=\"uvc-heading ult-adjust-bottom-margin ultimate-heading-202469e8d54d13f59 uvc-704 \" data-hspacer=\"no_spacer\"  data-halign=\"center\" style=\"text-align:center\"><div class=\"uvc-heading-spacer no_spacer\" style=\"top\"><\/div><div class=\"uvc-main-heading ult-responsive\"  data-ultimate-target='.uvc-heading.ultimate-heading-202469e8d54d13f59 h3'  data-responsive-json-new='{\"font-size\":\"desktop:35px;tablet:25px;tablet_portrait:25px;mobile_landscape:25px;mobile:25px;\",\"line-height\":\"desktop:50px;tablet:40px;tablet_portrait:30px;mobile_landscape:30px;mobile:30px;\"}' ><h3 style=\"font-family:&#039;Catamaran&#039;;font-weight:900;color:#04713b;margin-top:20px;\">Con Pro Amazon\u00eda plantamos<\/h3><\/div><\/div>[vc_single_image image=&#8221;600&#8243; img_size=&#8221;full&#8221; alignment=&#8221;center&#8221;][vc_empty_space][vc_column_text]<strong>La plantaci\u00f3n se realiz\u00f3 en territorios de 14.000 familias de comunidades ind\u00edgenas Shuar y Quechua, ubicadas en la amazonia ecuatoriana.<\/strong><\/p>\n<ul>\n<li><strong>100.000 \u00e1rboles<\/strong>\u00a0con Fundaci\u00f3n Altr\u00f3pico en Napo y Pastaza<\/li>\n<li><strong>25.000 \u00e1rboles<\/strong> con Hivos en Sucumb\u00edos y Orellana<\/li>\n<li><strong>15.000 \u00e1rboles<\/strong> con el GAD CASCALES en Sucumb\u00edos<\/li>\n<\/ul>\n<blockquote><p><strong>\u00c1rboles nativos frutales, medicinales y maderables.<\/strong><\/p><\/blockquote>\n<p><em><strong>Reducen la erosi\u00f3n, controlan las plagas, enfermedades, regulan tanto la calidad como la cantidad de agua, crean microclimas que constituyen el hogar y alimento de miles de especies de animales de la Amazon\u00eda.<\/strong><\/em>[\/vc_column_text][vc_empty_space][\/vc_column_inner][vc_column_inner width=&#8221;1\/2&#8243; css=&#8221;.vc_custom_1705364992113{margin-top: -50px !important;}&#8221;][vc_empty_space][vc_empty_space][vc_masonry_media_grid element_width=&#8221;6&#8243; gap=&#8221;15&#8243; grid_id=&#8221;vc_gid:1709848118570-edbbcf47-fe6d-6&#8243; include=&#8221;568,570,571&#8243; css=&#8221;.vc_custom_1705618754769{margin-top: 0px !important;margin-right: 0px !important;margin-bottom: 0px !important;margin-left: 0px !important;padding-top: 0px !important;padding-right: 0px !important;padding-bottom: 0px !important;padding-left: 0px !important;}&#8221;][vc_empty_space height=&#8221;15px&#8221;][vc_column_text]<\/p>\n<blockquote><p><strong>GRACIAS<\/strong><\/p>\n<p>PROAMAZONIA \u2013 Programa del Ministerio del Ambiente Agua y Transici\u00f3n Ecol\u00f3gica y el Ministerio de Agricultura y Ganader\u00eda con el apoyo del PNUD, HIVOS, FUNDACI\u00d3N ALTROPICO, GAD CASCALES<\/p><\/blockquote>\n<p>[\/vc_column_text][\/vc_column_inner][\/vc_row_inner][\/vc_column][\/vc_row][vc_row full_width=&#8221;stretch_row&#8221; bg_type=&#8221;bg_color&#8221; seperator_enable=&#8221;seperator_enable_value&#8221; seperator_type=&#8221;tilt_right_seperator&#8221; seperator_svg_height=&#8221;100&#8243; seperator_shape_background=&#8221;#33530e&#8221; bg_color_value=&#8221;#ffffff&#8221;][vc_column][vc_row_inner][vc_column_inner][vc_empty_space height=&#8221;162px&#8221;][\/vc_column_inner][\/vc_row_inner][vc_row_inner][vc_column_inner width=&#8221;1\/2&#8243; css=&#8221;.vc_custom_1705364992113{margin-top: -50px !important;}&#8221;][vc_empty_space][vc_empty_space][vc_masonry_media_grid gap=&#8221;15&#8243; grid_id=&#8221;vc_gid:1709848118570-988864c9-531c-5&#8243; include=&#8221;573,611,615,610,609,613,614&#8243; css=&#8221;.vc_custom_1705629564162{margin-top: 0px !important;margin-right: 0px !important;margin-bottom: 0px !important;margin-left: 0px !important;padding-top: 0px !important;padding-right: 0px !important;padding-bottom: 0px !important;padding-left: 0px !important;}&#8221;][vc_empty_space height=&#8221;15px&#8221;][vc_column_text]<\/p>\n<blockquote><p><strong>GRACIAS\u00a0<\/strong><\/p>\n<p>GIRA\u00a0 y Corporaci\u00f3n Favorita<\/p><\/blockquote>\n<p>[\/vc_column_text][\/vc_column_inner][vc_column_inner width=&#8221;1\/2&#8243; css=&#8221;.vc_custom_1705608847224{margin-bottom: 10% !important;padding-top: 10% !important;padding-right: 10% !important;padding-bottom: 10% !important;padding-left: 10% !important;background-color: #e6e1c0 !important;border-radius: 10px !important;}&#8221;]<div id=\"ultimate-heading-547969e8d54d13f87\" class=\"uvc-heading ult-adjust-bottom-margin ultimate-heading-547969e8d54d13f87 uvc-5210 \" data-hspacer=\"no_spacer\"  data-halign=\"left\" style=\"text-align:left\"><div class=\"uvc-heading-spacer no_spacer\" style=\"top\"><\/div><div class=\"uvc-main-heading ult-responsive\"  data-ultimate-target='.uvc-heading.ultimate-heading-547969e8d54d13f87 h3'  data-responsive-json-new='{\"font-size\":\"desktop:35px;tablet:25px;tablet_portrait:25px;mobile_landscape:25px;mobile:25px;\",\"line-height\":\"desktop:50px;tablet:40px;tablet_portrait:30px;mobile_landscape:30px;mobile:30px;\"}' ><h3 style=\"font-family:&#039;Catamaran&#039;;font-weight:900;color:#04713b;margin-top:20px;\">Con GIRA plantamos<\/h3><\/div><\/div>[vc_single_image image=&#8221;588&#8243; img_size=&#8221;full&#8221;][vc_empty_space][vc_column_text]<\/p>\n<ul>\n<li><strong>30.000 \u00e1rboles en Reserva de Biosfera del Choc\u00f3 Andino<\/strong>&#8211; Fondo para la Protecci\u00f3n del Agua<\/li>\n<li><strong>10.000\u00a0 \u00e1rboles enSierra Sur del pa\u00eds<\/strong> &#8211; Cuenca, Azogues y Sevilla de Oro &#8211; Fondo del Agua para la Conservaci\u00f3n de la cuenca del R\u00edo Paute<\/li>\n<li><strong>10.000 \u00e1rboles en Microcuencas<\/strong> de la zona central del territorio nacional &#8211; Fondo de P\u00e1ramos Tungurahua y Lucha contra la Pobreza<\/li>\n<\/ul>\n<blockquote><p><strong>\u00c1rboles end\u00e9micos y emblem\u00e1ticos de cada zona<\/strong><\/p><\/blockquote>\n<p>Las especies que se siembran como parte de este programa de recuperaci\u00f3n de los ecosistemas provienen de un proceso de producci\u00f3n con material gen\u00e9tico del sitio de intervenci\u00f3n para asegurar su adaptaci\u00f3n y supervivencia.[\/vc_column_text][vc_empty_space][\/vc_column_inner][\/vc_row_inner][\/vc_column][\/vc_row][vc_row full_width=&#8221;stretch_row&#8221; full_height=&#8221;yes&#8221; bg_type=&#8221;image&#8221; parallax_style=&#8221;vcpb-default&#8221; bg_image_new=&#8221;id^605|url^https:\/\/juntosxlatierra.com\/wp-content\/uploads\/2024\/01\/Desktop-9-scaled.gif|caption^null|alt^null|title^Desktop&#8212;9|description^null&#8221; bg_image_repeat=&#8221;no-repeat&#8221; bg_image_posiiton=&#8221;middle&#8221; seperator_enable=&#8221;seperator_enable_value&#8221; seperator_type=&#8221;tilt_left_seperator&#8221; seperator_svg_height=&#8221;200&#8243; seperator_shape_background=&#8221;#ffffff&#8221; el_class=&#8221;Zidex-delante&#8221;][vc_column][vc_row_inner][vc_column_inner][vc_empty_space height=&#8221;132px&#8221;][\/vc_column_inner][\/vc_row_inner][vc_row_inner][vc_column_inner width=&#8221;1\/2&#8243; css=&#8221;.vc_custom_1705608847224{margin-bottom: 10% !important;padding-top: 10% !important;padding-right: 10% !important;padding-bottom: 10% !important;padding-left: 10% !important;background-color: #e6e1c0 !important;border-radius: 10px !important;}&#8221;]<div id=\"ultimate-heading-725769e8d54d13fb3\" class=\"uvc-heading ult-adjust-bottom-margin ultimate-heading-725769e8d54d13fb3 uvc-2010 \" data-hspacer=\"no_spacer\"  data-halign=\"left\" style=\"text-align:left\"><div class=\"uvc-heading-spacer no_spacer\" style=\"top\"><\/div><div class=\"uvc-main-heading ult-responsive\"  data-ultimate-target='.uvc-heading.ultimate-heading-725769e8d54d13fb3 h3'  data-responsive-json-new='{\"font-size\":\"desktop:35px;tablet:25px;tablet_portrait:25px;mobile_landscape:25px;mobile:25px;\",\"line-height\":\"desktop:50px;tablet:40px;tablet_portrait:30px;mobile_landscape:30px;mobile:30px;\"}' ><h3 style=\"font-family:&#039;Catamaran&#039;;font-weight:900;color:#04713b;\">Con Genes Per\u00fa plantamos<\/h3><\/div><\/div>[vc_single_image image=&#8221;618&#8243; img_size=&#8221;full&#8221;][vc_empty_space][vc_column_text]Plantamos en la Quebrada de Mantanay \u2013 Distrito Yanahuara- Provincia Urubamba, regi\u00f3n Cusco Per\u00fa<\/p>\n<blockquote><p>\u00c1rboles nativos Que\u00f1ua<\/p><\/blockquote>\n<p><em><b>Es una especia end\u00e9mica\u00a0de Per\u00fa, Bolivia, y Ecuador se encuentra en el bosque h\u00famedo de monta\u00f1a. Est\u00e1 considerada en peligro de extinci\u00f3n por la p\u00e9rdida de h\u00e1bitat.<\/b><\/em>[\/vc_column_text][vc_empty_space][vc_column_text]<\/p>\n<blockquote><p><strong>GRACIAS\u00a0<\/strong><\/p>\n<p>El gobierno regional de Cusco, la municipalidad del centro poblado de Yanahuara, Genes Per\u00fa empresas: GBCorp, Jeconsulting Gbcorp &#8211; Kore SHoes &#8211; Awanallaqta &#8211; Artesan\u00edas Matsigenka.<\/p><\/blockquote>\n<p>[\/vc_column_text][\/vc_column_inner][vc_column_inner width=&#8221;1\/2&#8243; css=&#8221;.vc_custom_1705364992113{margin-top: -50px !important;}&#8221;][vc_empty_space][vc_empty_space][vc_masonry_media_grid element_width=&#8221;6&#8243; gap=&#8221;15&#8243; grid_id=&#8221;vc_gid:1709848118571-7b631019-3918-3&#8243; include=&#8221;584,585,582,583&#8243; css=&#8221;.vc_custom_1705885549983{margin-top: 0px !important;margin-right: 0px !important;margin-bottom: 0px !important;margin-left: 0px !important;padding-top: 0px !important;padding-right: 0px !important;padding-bottom: 0px !important;padding-left: 0px !important;}&#8221;][vc_empty_space height=&#8221;15px&#8221;][\/vc_column_inner][\/vc_row_inner][\/vc_column][\/vc_row][vc_row full_width=&#8221;stretch_row&#8221; equal_height=&#8221;yes&#8221; seperator_enable=&#8221;seperator_enable_value&#8221; seperator_type=&#8221;tilt_right_seperator&#8221; seperator_svg_height=&#8221;120&#8243; seperator_shape_background=&#8221;#34530f&#8221; ult_hide_row=&#8221;ult_hide_row_value&#8221; type=&#8221;vc_default&#8221; css=&#8221;.vc_custom_1709847826090{padding-top: 150px !important;padding-right: 2% !important;padding-bottom: 25px !important;padding-left: 2% !important;background: #34530f url(https:\/\/juntosxlatierra.com\/wp-content\/uploads\/2024\/01\/papel-cortado-1.png?id=365) !important;background-position: center !important;background-repeat: no-repeat !important;background-size: cover !important;}&#8221; el_id=&#8221;desktop-footer&#8221;][vc_column width=&#8221;1\/3&#8243;][vc_single_image image=&#8221;211&#8243; alignment=&#8221;center&#8221;][vc_empty_space][\/vc_column][vc_column width=&#8221;1\/3&#8243; offset=&#8221;vc_hidden-md vc_hidden-sm vc_hidden-xs&#8221;][vc_row_inner][vc_column_inner]<div id=\"uvc-type-wrap-7804\"  data-ultimate-target='#uvc-type-wrap-7804'  data-responsive-json-new='{\"font-size\":\"desktop:25px;tablet:25px;tablet_portrait:25px;mobile_landscape:25px;mobile:25px;\",\"line-height\":\"\"}'  class=\"uvc-type-wrap  ult-adjust-bottom-margin ult-responsive  uvc-type-align-left uvc-type-no-prefix uvc-wrap-108065194269e8d54d13fd8\" style=\"text-align:left;\"><span id=\"typed-108065194269e8d54d13fd8\" class=\"ultimate-typed-main \" style=\"color:#194171; font-family:&#039;Enriqueta&#039;;font-weight:600; text-transform: unset;\"><\/span><span  data-ultimate-target='#uvc-type-wrap-7804 .mycustfancy'  data-responsive-json-new='{\"font-size\":\"\",\"line-height\":\"\"}'  class=\"ultimate-typewriter-suffix mycustfancy ult-responsive\" style=\"font-family:&#039;Catamaran&#039;;font-weight:300; text-transform: unset;\">- Mahatma Gandhi<\/span><script type=\"text\/javascript\">\n\t\t\t\t\t\tjQuery(function($){ \n\t\t\t\t\t\t\t$(document).ready(function(){\n\t\t\t\t\t\t\t\tif( typeof jQuery(\"#typed-108065194269e8d54d13fd8\").typed == \"function\"){\n\t\t\t\t\t\t\t\t\t$(\"#typed-108065194269e8d54d13fd8\").typed({\n\t\t\t\t\t\t\t\t\t\tstrings: [\"Lo que estamos haciendo a los bosques del mundo es un espejo de lo que nos hacemos a nosotros mismos y a los otros.\"],\n\t\t\t\t\t\t\t\t\t\ttypeSpeed: 35,\n\t\t\t\t\t\t\t\t\t\tbackSpeed: 0,\n\t\t\t\t\t\t\t\t\t\tstartDelay: \"200\",\n\t\t\t\t\t\t\t\t\t\tbackDelay: \"1500\",\n\t\t\t\t\t\t\t\t\t\tloop: \"true\",\n\t\t\t\t\t\t\t\t\t\tloopCount: false,\n\t\t\t\t\t\t\t\t\t\tshowCursor: true,\n\t\t\t\t\t\t\t\t\t\tcursorChar: \"|\",\n\t\t\t\t\t\t\t\t\t\tattr: null\n\t\t\t\t\t\t\t\t\t});\n\t\t\t\t\t\t\t\t}\n\t\t\t\t\t\t\t});\n\t\t\t\t\t\t});\n\t\t\t\t\t<\/script><\/div>[\/vc_column_inner][\/vc_row_inner][\/vc_column][vc_column width=&#8221;1\/3&#8243;][vc_row_inner][vc_column_inner width=&#8221;1\/2&#8243;]<div class=\"stats-block stats-top  \"><div class=\"aio-icon-top\"><div class=\"ult-just-icon-wrapper  \"><div class=\"align-icon\" style=\"text-align:center;\">\n<div class=\"aio-icon none \"  style=\"color:#04713b;font-size:32px;display:inline-block;\">\n\t<i class=\"fas fa-tree\"><\/i>\n<\/div><\/div><\/div><\/div><div class=\"stats-desc\" id=\"counter-responsv-wrap-5764\"><div id=\"counter_173175217069e8d54d142c5\" data-id=\"counter_173175217069e8d54d142c5\"  data-ultimate-target='#counter-responsv-wrap-5764 .stats-number'  data-responsive-json-new='{\"font-size\":\"\",\"line-height\":\"\"}'  class=\"stats-number ult-responsive\" style=\"font-size:28px;  \" data-speed=\"5\" data-counter-value=\"261303\" data-separator=\",\" data-decimal=\".\">0<\/div><div id=\"title-counter_173175217069e8d54d142c5\"  data-ultimate-target='#counter-responsv-wrap-5764 .stats-text'  data-responsive-json-new='{\"font-size\":\"\",\"line-height\":\"\"}'  class=\"stats-text ult-responsive\" style=\"font-size:18px;  font-family:&#039;Enriqueta&#039;;font-weight:700;\">\u00c1rboles plantados<\/div><\/div><\/div>[\/vc_column_inner][vc_column_inner width=&#8221;1\/2&#8243;]<div class=\"stats-block stats-top  \"><div class=\"aio-icon-top\"><div class=\"ult-just-icon-wrapper  \"><div class=\"align-icon\" style=\"text-align:center;\">\n<div class=\"aio-icon none \"  style=\"color:#04713b;font-size:32px;display:inline-block;\">\n\t<i class=\"fas fa-map-marked-alt\"><\/i>\n<\/div><\/div><\/div><\/div><div class=\"stats-desc\" id=\"counter-responsv-wrap-4196\"><div id=\"counter_351590509969e8d54d1435b\" data-id=\"counter_351590509969e8d54d1435b\"  data-ultimate-target='#counter-responsv-wrap-4196 .stats-number'  data-responsive-json-new='{\"font-size\":\"\",\"line-height\":\"\"}'  class=\"stats-number ult-responsive\" style=\"font-size:28px;  \" data-speed=\"5\" data-counter-value=\"653.26\" data-separator=\",\" data-decimal=\".\">0<\/div><div id=\"title-counter_351590509969e8d54d1435b\"  data-ultimate-target='#counter-responsv-wrap-4196 .stats-text'  data-responsive-json-new='{\"font-size\":\"\",\"line-height\":\"\"}'  class=\"stats-text ult-responsive\" style=\"font-size:18px;  font-family:&#039;Enriqueta&#039;;font-weight:700;\">Hect\u00e1reas cubiertas<\/div><\/div><\/div>[\/vc_column_inner][\/vc_row_inner][\/vc_column][\/vc_row]<\/p>\n<\/div>","protected":false},"excerpt":{"rendered":"<p>[vc_row full_width=&#8221;stretch_row&#8221; content_placement=&#8221;middle&#8221; bg_type=&#8221;bg_color&#8221; seperator_enable=&#8221;seperator_enable_value&#8221; seperator_type=&#8221;tilt_left_seperator&#8221; seperator_position=&#8221;bottom_seperator&#8221; seperator_svg_height=&#8221;200&#8243; seperator_shape_background=&#8221;#346a1c&#8221; ult_hide_row=&#8221;ult_hide_row_value&#8221; ult_hide_row_mobile=&#8221;mobile&#8221; ult_hide_row_mobile_large=&#8221;xl_mobile&#8221; type=&#8221;vc_default&#8221; css=&#8221;.vc_custom_1705620398677{padding-top: 6% !important;padding-right: 15% !important;padding-bottom: 10% !important;background-color: #346a1c !important;}&#8221; bg_color_value=&#8221;#346a1c&#8221;][vc_column css=&#8221;.vc_custom_1705591234951{margin-right: 20% !important;margin-left: 20% !important;padding-top: 16% !important;padding-right: 10% !important;padding-bottom: 20% !important;padding-left: 5% !important;background-image: url(https:\/\/juntosxlatierra.com\/wp-content\/uploads\/2024\/01\/title.png?id=371) !important;background-position: center !important;background-repeat: no-repeat !important;background-size: contain !important;}&#8221; offset=&#8221;vc_col-lg-12 vc_col-md-12 vc_col-xs-6 vc_hidden-xs&#8221;][vc_empty_space][\/vc_column][\/vc_row][vc_row full_width=&#8221;stretch_row&#8221; content_placement=&#8221;middle&#8221; bg_type=&#8221;bg_color&#8221; seperator_enable=&#8221;seperator_enable_value&#8221; seperator_type=&#8221;curve_down_seperator&#8221; seperator_position=&#8221;bottom_seperator&#8221; seperator_svg_height=&#8221;30&#8243;&hellip;<\/p>\n","protected":false},"author":1,"featured_media":0,"parent":0,"menu_order":0,"comment_status":"closed","ping_status":"closed","template":"template-microsite.php","meta":{"footnotes":""},"aioseo_notices":[],"_links":{"self":[{"href":"https:\/\/juntosxlatierra.com\/index.php\/wp-json\/wp\/v2\/pages\/552"}],"collection":[{"href":"https:\/\/juntosxlatierra.com\/index.php\/wp-json\/wp\/v2\/pages"}],"about":[{"href":"https:\/\/juntosxlatierra.com\/index.php\/wp-json\/wp\/v2\/types\/page"}],"author":[{"embeddable":true,"href":"https:\/\/juntosxlatierra.com\/index.php\/wp-json\/wp\/v2\/users\/1"}],"replies":[{"embeddable":true,"href":"https:\/\/juntosxlatierra.com\/index.php\/wp-json\/wp\/v2\/comments?post=552"}],"version-history":[{"count":31,"href":"https:\/\/juntosxlatierra.com\/index.php\/wp-json\/wp\/v2\/pages\/552\/revisions"}],"predecessor-version":[{"id":632,"href":"https:\/\/juntosxlatierra.com\/index.php\/wp-json\/wp\/v2\/pages\/552\/revisions\/632"}],"wp:attachment":[{"href":"https:\/\/juntosxlatierra.com\/index.php\/wp-json\/wp\/v2\/media?parent=552"}],"curies":[{"name":"wp","href":"https:\/\/api.w.org\/{rel}","templated":true}]}}